{"id":31,"date":"2021-02-15T14:05:21","date_gmt":"2021-02-15T14:05:21","guid":{"rendered":"http:\/\/gs495.scout.es\/?page_id=31"},"modified":"2021-02-15T14:08:02","modified_gmt":"2021-02-15T14:08:02","slug":"quienes-somos","status":"publish","type":"page","link":"https:\/\/gs495.scout.es\/?page_id=31","title":{"rendered":"Quienes somos"},"content":{"rendered":"\n<ul class=\"wp-block-list\"><li><img loading=\"lazy\" decoding=\"async\" src=\"http:\/\/gs251.scout.es\/wp-content\/uploads\/2018\/03\/equipo1.jpg\" width=\"800\" height=\"400\" alt=\"\"><\/li><\/ul>\n\n\n\n<p>Somos un movimiento educativo presente en todo el mundo al que pertenecen m\u00e1s de 40 millones de personas, j\u00f3venes y adultos, en m\u00e1s de 1 mill\u00f3n de grupos de scouts, compartiendo un mismo sistema de valores y el deseo de construir un mundo mejor.<\/p>\n\n\n\n<h3 class=\"wp-block-heading\">VISI\u00d3N<\/h3>\n\n\n\n<p>Creemos que la educaci\u00f3n lo es todo y por ello contribuimos a la creaci\u00f3n de un mundo mejor, m\u00e1s justo y solidario, donde el cuidado del Medio Ambiente, el respeto a los derechos humanos y el entendimiento entre las personas y los pueblos sea una realidad, como movimiento global.<\/p>\n\n\n\n<h3 class=\"wp-block-heading\">MISI\u00d3N<\/h3>\n\n\n\n<p>La misi\u00f3n del Escultismo es contribuir a la educaci\u00f3n y al desarrollo de las personas, principalmente durante la infancia, adolescencia y juventud, a trav\u00e9s de un sistema de valores basado en la Promesa y la Ley Scout, para ayudar a crear un mundo mejor donde las personas puedan desarrollarse como individuos aut\u00f3nomos y jugar un papel constructivo y activo en la sociedad.<\/p>\n\n\n\n<p>Para alcanzar esta misi\u00f3n consideramos fundamental:<\/p>\n\n\n\n<ul class=\"wp-block-list\"><li>Educar en la libertad, la justicia, la autonom\u00eda, la solidaridad y la responsabilidad personal y comunitaria, en el marco de la convivencia, el respeto y el servicio.<\/li><li>Ayudarles a establecer un sistema de valores basado en principios espirituales, sociales y personales, inherentes a la persona, que ayuden a superar el individualismo y el materialismo, y favorezca la formaci\u00f3n de su personalidad.<\/li><li>Despertar el esp\u00edritu cr\u00edtico, transformador y participativo, respetando la libertad personal y promoviendo h\u00e1bitos de vida saludable, que permitan analizar las ideolog\u00edas y opciones que la sociedad presenta para posteriormente elegir una opci\u00f3n de vida.<\/li><li>Impulsar la comprensi\u00f3n y el desarrollo en nuestra sociedad, promoviendo el cuidado y defensa del Medio Ambiente y estimulando acciones de cooperaci\u00f3n, servicio y voluntariado hacia los dem\u00e1s.<\/li><\/ul>\n","protected":false},"excerpt":{"rendered":"<p>Somos un movimiento educativo presente en todo el mundo al que pertenecen m\u00e1s de 40 millones de personas, j\u00f3venes y adultos, en m\u00e1s de 1 mill\u00f3n de grupos de scouts, compartiendo un mismo sistema de valores y el deseo de construir un mundo mejor. VISI\u00d3N Creemos que la educaci\u00f3n lo es todo y por ello [&hellip;]<\/p>\n","protected":false},"author":1,"featured_media":0,"parent":0,"menu_order":0,"comment_status":"closed","ping_status":"closed","template":"","meta":{"footnotes":""},"class_list":["post-31","page","type-page","status-publish","hentry"],"_links":{"self":[{"href":"https:\/\/gs495.scout.es\/index.php?rest_route=\/wp\/v2\/pages\/31","targetHints":{"allow":["GET"]}}],"collection":[{"href":"https:\/\/gs495.scout.es\/index.php?rest_route=\/wp\/v2\/pages"}],"about":[{"href":"https:\/\/gs495.scout.es\/index.php?rest_route=\/wp\/v2\/types\/page"}],"author":[{"embeddable":true,"href":"https:\/\/gs495.scout.es\/index.php?rest_route=\/wp\/v2\/users\/1"}],"replies":[{"embeddable":true,"href":"https:\/\/gs495.scout.es\/index.php?rest_route=%2Fwp%2Fv2%2Fcomments&post=31"}],"version-history":[{"count":3,"href":"https:\/\/gs495.scout.es\/index.php?rest_route=\/wp\/v2\/pages\/31\/revisions"}],"predecessor-version":[{"id":34,"href":"https:\/\/gs495.scout.es\/index.php?rest_route=\/wp\/v2\/pages\/31\/revisions\/34"}],"wp:attachment":[{"href":"https:\/\/gs495.scout.es\/index.php?rest_route=%2Fwp%2Fv2%2Fmedia&parent=31"}],"curies":[{"name":"wp","href":"https:\/\/api.w.org\/{rel}","templated":true}]}}